{"id":598,"date":"2021-07-06T11:34:34","date_gmt":"2021-07-06T11:34:34","guid":{"rendered":"http:\/\/www.optifincas.es\/?page_id=598"},"modified":"2022-06-30T21:40:06","modified_gmt":"2022-06-30T21:40:06","slug":"siempre-conectados","status":"publish","type":"page","link":"http:\/\/www.optifincas.es\/?page_id=598","title":{"rendered":"Siempre conectados"},"content":{"rendered":"\n<p>A trav\u00e9s de nuestra aplicaci\u00f3n m\u00f3vil, dispondr\u00e1s de la informaci\u00f3n de tu comunidad,&nbsp;podr\u00e1s comentarnos incidencias e incluso recibir la documentaci\u00f3n que nos solicites, y todo evitando desplazamientos. <\/p>\n","protected":false},"excerpt":{"rendered":"<p>A trav\u00e9s de nuestra aplicaci\u00f3n m\u00f3vil, dispondr\u00e1s de la informaci\u00f3n de tu comunidad, podr\u00e1s comentarnos incidencias e incluso recibir la documentaci\u00f3n que nos solicites, y todo evitando desplazamientos. <\/p>\n","protected":false},"author":1,"featured_media":72,"parent":0,"menu_order":0,"comment_status":"closed","ping_status":"closed","template":"","meta":{"_coblocks_attr":"","_coblocks_dimensions":"","_coblocks_responsive_height":"","_coblocks_accordion_ie_support":"","footnotes":""},"class_list":["post-598","page","type-page","status-publish","has-post-thumbnail","hentry"],"_links":{"self":[{"href":"http:\/\/www.optifincas.es\/index.php?rest_route=\/wp\/v2\/pages\/598","targetHints":{"allow":["GET"]}}],"collection":[{"href":"http:\/\/www.optifincas.es\/index.php?rest_route=\/wp\/v2\/pages"}],"about":[{"href":"http:\/\/www.optifincas.es\/index.php?rest_route=\/wp\/v2\/types\/page"}],"author":[{"embeddable":true,"href":"http:\/\/www.optifincas.es\/index.php?rest_route=\/wp\/v2\/users\/1"}],"replies":[{"embeddable":true,"href":"http:\/\/www.optifincas.es\/index.php?rest_route=%2Fwp%2Fv2%2Fcomments&post=598"}],"version-history":[{"count":4,"href":"http:\/\/www.optifincas.es\/index.php?rest_route=\/wp\/v2\/pages\/598\/revisions"}],"predecessor-version":[{"id":758,"href":"http:\/\/www.optifincas.es\/index.php?rest_route=\/wp\/v2\/pages\/598\/revisions\/758"}],"wp:featuredmedia":[{"embeddable":true,"href":"http:\/\/www.optifincas.es\/index.php?rest_route=\/wp\/v2\/media\/72"}],"wp:attachment":[{"href":"http:\/\/www.optifincas.es\/index.php?rest_route=%2Fwp%2Fv2%2Fmedia&parent=598"}],"curies":[{"name":"wp","href":"https:\/\/api.w.org\/{rel}","templated":true}]}}