{"id":600,"date":"2021-07-06T11:36:41","date_gmt":"2021-07-06T11:36:41","guid":{"rendered":"http:\/\/www.optifincas.es\/?page_id=600"},"modified":"2022-06-30T21:41:09","modified_gmt":"2022-06-30T21:41:09","slug":"eficiencia","status":"publish","type":"page","link":"http:\/\/www.optifincas.es\/?page_id=600","title":{"rendered":"Eficiencia"},"content":{"rendered":"\n<p>No puedes elegir quienes son tus vecinos pero s\u00ed que las cosas funcionen. Nos avala el n\u00famero de comunidades satisfechas que ya cuentan con nuestros servicios, y nuestro exhaustivo  control del gasto. Sabr\u00e1s en qu\u00e9 se invierte cada euro. <\/p>\n","protected":false},"excerpt":{"rendered":"<p>No puedes elegir quienes son tus vecinos pero s\u00ed que las cosas funcionen. Nos avala el n\u00famero de comunidades satisfechas que ya cuentan con nuestros servicios, y nuestro exhaustivo control del gasto. Sabr\u00e1s en qu\u00e9 se invierte cada euro.<\/p>\n","protected":false},"author":1,"featured_media":17,"parent":0,"menu_order":0,"comment_status":"closed","ping_status":"closed","template":"","meta":{"_coblocks_attr":"","_coblocks_dimensions":"","_coblocks_responsive_height":"","_coblocks_accordion_ie_support":"","footnotes":""},"class_list":["post-600","page","type-page","status-publish","has-post-thumbnail","hentry"],"_links":{"self":[{"href":"http:\/\/www.optifincas.es\/index.php?rest_route=\/wp\/v2\/pages\/600","targetHints":{"allow":["GET"]}}],"collection":[{"href":"http:\/\/www.optifincas.es\/index.php?rest_route=\/wp\/v2\/pages"}],"about":[{"href":"http:\/\/www.optifincas.es\/index.php?rest_route=\/wp\/v2\/types\/page"}],"author":[{"embeddable":true,"href":"http:\/\/www.optifincas.es\/index.php?rest_route=\/wp\/v2\/users\/1"}],"replies":[{"embeddable":true,"href":"http:\/\/www.optifincas.es\/index.php?rest_route=%2Fwp%2Fv2%2Fcomments&post=600"}],"version-history":[{"count":1,"href":"http:\/\/www.optifincas.es\/index.php?rest_route=\/wp\/v2\/pages\/600\/revisions"}],"predecessor-version":[{"id":601,"href":"http:\/\/www.optifincas.es\/index.php?rest_route=\/wp\/v2\/pages\/600\/revisions\/601"}],"wp:featuredmedia":[{"embeddable":true,"href":"http:\/\/www.optifincas.es\/index.php?rest_route=\/wp\/v2\/media\/17"}],"wp:attachment":[{"href":"http:\/\/www.optifincas.es\/index.php?rest_route=%2Fwp%2Fv2%2Fmedia&parent=600"}],"curies":[{"name":"wp","href":"https:\/\/api.w.org\/{rel}","templated":true}]}}