{"id":602,"date":"2021-07-06T11:38:55","date_gmt":"2021-07-06T11:38:55","guid":{"rendered":"http:\/\/www.optifincas.es\/?page_id=602"},"modified":"2022-06-30T21:41:09","modified_gmt":"2022-06-30T21:41:09","slug":"con-expertos","status":"publish","type":"page","link":"http:\/\/www.optifincas.es\/?page_id=602","title":{"rendered":"Con expertos"},"content":{"rendered":"\n<p>Pero si a\u00fan las nuevas tecnolog\u00edas se te hacen cuesta arriba. Puedes contactar con nuestros expertos que te informar\u00e1n y te asesorar\u00e1n en todo momento y quienes tambi\u00e9n resolver\u00e1n las incidencias que te puedan surgir. Contamos con tel\u00e9fono 24 horas para emergencias.<\/p>\n\n\n\n<p><\/p>\n","protected":false},"excerpt":{"rendered":"<p>Pero si a\u00fan las nuevas tecnolog\u00edas se te hacen cuesta arriba. Puedes contactar con nuestros expertos que te informar\u00e1n y te asesorar\u00e1n en todo momento y quienes tambi\u00e9n resolver\u00e1n las incidencias que te puedan surgir. Contamos con tel\u00e9fono 24 horas<\/p>\n","protected":false},"author":1,"featured_media":20,"parent":0,"menu_order":0,"comment_status":"closed","ping_status":"closed","template":"","meta":{"_coblocks_attr":"","_coblocks_dimensions":"","_coblocks_responsive_height":"","_coblocks_accordion_ie_support":"","footnotes":""},"class_list":["post-602","page","type-page","status-publish","has-post-thumbnail","hentry"],"_links":{"self":[{"href":"http:\/\/www.optifincas.es\/index.php?rest_route=\/wp\/v2\/pages\/602","targetHints":{"allow":["GET"]}}],"collection":[{"href":"http:\/\/www.optifincas.es\/index.php?rest_route=\/wp\/v2\/pages"}],"about":[{"href":"http:\/\/www.optifincas.es\/index.php?rest_route=\/wp\/v2\/types\/page"}],"author":[{"embeddable":true,"href":"http:\/\/www.optifincas.es\/index.php?rest_route=\/wp\/v2\/users\/1"}],"replies":[{"embeddable":true,"href":"http:\/\/www.optifincas.es\/index.php?rest_route=%2Fwp%2Fv2%2Fcomments&post=602"}],"version-history":[{"count":1,"href":"http:\/\/www.optifincas.es\/index.php?rest_route=\/wp\/v2\/pages\/602\/revisions"}],"predecessor-version":[{"id":603,"href":"http:\/\/www.optifincas.es\/index.php?rest_route=\/wp\/v2\/pages\/602\/revisions\/603"}],"wp:featuredmedia":[{"embeddable":true,"href":"http:\/\/www.optifincas.es\/index.php?rest_route=\/wp\/v2\/media\/20"}],"wp:attachment":[{"href":"http:\/\/www.optifincas.es\/index.php?rest_route=%2Fwp%2Fv2%2Fmedia&parent=602"}],"curies":[{"name":"wp","href":"https:\/\/api.w.org\/{rel}","templated":true}]}}