{"id":624,"date":"2021-07-06T20:17:16","date_gmt":"2021-07-06T20:17:16","guid":{"rendered":"http:\/\/www.optifincas.es\/?page_id=624"},"modified":"2022-06-30T21:39:38","modified_gmt":"2022-06-30T21:39:38","slug":"presupuesto-sin-compromiso","status":"publish","type":"page","link":"http:\/\/www.optifincas.es\/?page_id=624","title":{"rendered":"Presupuesto sin compromiso"},"content":{"rendered":"<div class=\"everest-forms\"><div class=\"evf-container default\" id=\"evf-604\"><form id=\"evf-form-604\" class=\"everest-form\" data-formid=\"604\" data-ajax_submission=\"0\" method=\"post\" enctype=\"multipart\/form-data\" action=\"\/index.php?rest_route=%2Fwp%2Fv2%2Fpages%2F624\"><div class=\"evf-field-container\"><input type=\"hidden\" id=\"_wpnonce\" name=\"_wpnonce\" value=\"0ae1e84f34\" \/><input type=\"hidden\" name=\"_wp_http_referer\" value=\"\/index.php?rest_route=%2Fwp%2Fv2%2Fpages%2F624\" \/><div class=\"evf-frontend-row\" data-row=\"row_1\"><div class=\"evf-frontend-grid evf-grid-1\" data-grid=\"grid_1\"><div id=\"evf-604-field_hvvUcmFqw4-1-container\" class=\"evf-field evf-field-first-name form-row validate-required\" data-required-field-message=\"Este campo es obligatorio.\" data-field-id=\"hvvUcmFqw4-1\"><label class=\"evf-field-label\" for=\"evf-604-field_hvvUcmFqw4-1\"><span class=\"evf-label\">Nombre<\/span> <abbr class=\"required\" title=\"Obligatorio\">*<\/abbr><\/label><input type=\"text\" id=\"evf-604-field_hvvUcmFqw4-1\" class=\"input-text\" name=\"everest_forms[form_fields][hvvUcmFqw4-1]\" required><\/div><div id=\"evf-604-field_kNxmE6OtH8-11-container\" class=\"evf-field evf-field-first-name form-row validate-required\" data-required-field-message=\"Este campo es obligatorio.\" data-field-id=\"kNxmE6OtH8-11\"><label class=\"evf-field-label\" for=\"evf-604-field_kNxmE6OtH8-11\"><span class=\"evf-label\">Tel\u00e9fono de contacto<\/span> <abbr class=\"required\" title=\"Obligatorio\">*<\/abbr><\/label><input type=\"text\" id=\"evf-604-field_kNxmE6OtH8-11\" class=\"input-text\" name=\"everest_forms[form_fields][kNxmE6OtH8-11]\" required><\/div><div id=\"evf-604-field_6jnCs9d4c3-3-container\" class=\"evf-field evf-field-radio form-row validate-required\" data-required-field-message=\"Este campo es obligatorio.\" data-field-id=\"6jnCs9d4c3-3\"><label class=\"evf-field-label\" for=\"evf-604-field_6jnCs9d4c3-3\"><span class=\"evf-label\">Describe tu comunidad<\/span> <abbr class=\"required\" title=\"Obligatorio\">*<\/abbr><\/label><ul id=\"evf-604-field_6jnCs9d4c3-3\" class=\" evf-field-required\"><li class=\"choice-1 depth-1\"><input type=\"radio\" id=\"evf-604-field_6jnCs9d4c3-3_1\" class=\"input-text\" name=\"everest_forms[form_fields][6jnCs9d4c3-3]\" value=\"Bloque de Viviendas\" required ><label class=\"everest-forms-field-label-inline\" for=\"evf-604-field_6jnCs9d4c3-3_1\">Bloque de Viviendas<\/label><\/li><li class=\"choice-3 depth-1\"><input type=\"radio\" id=\"evf-604-field_6jnCs9d4c3-3_3\" class=\"input-text\" name=\"everest_forms[form_fields][6jnCs9d4c3-3]\" value=\"Urbanizaci\u00f3n\" required ><label class=\"everest-forms-field-label-inline\" for=\"evf-604-field_6jnCs9d4c3-3_3\">Urbanizaci\u00f3n<\/label><\/li><li class=\"choice-4 depth-1\"><input type=\"radio\" id=\"evf-604-field_6jnCs9d4c3-3_4\" class=\"input-text\" name=\"everest_forms[form_fields][6jnCs9d4c3-3]\" value=\"Otros\" required ><label class=\"everest-forms-field-label-inline\" for=\"evf-604-field_6jnCs9d4c3-3_4\">Otros<\/label><\/li><\/ul><\/div><div id=\"evf-604-field_xjFD0zPYfo-10-container\" class=\"evf-field evf-field-radio form-row validate-required\" data-required-field-message=\"Este campo es obligatorio.\" data-field-id=\"xjFD0zPYfo-10\"><label class=\"evf-field-label\" for=\"evf-604-field_xjFD0zPYfo-10\"><span class=\"evf-label\">\u00bfTiene ascensor?<\/span> <abbr class=\"required\" title=\"Obligatorio\">*<\/abbr><\/label><ul id=\"evf-604-field_xjFD0zPYfo-10\" class=\" evf-field-required\"><li class=\"choice-1 depth-1\"><input type=\"radio\" id=\"evf-604-field_xjFD0zPYfo-10_1\" class=\"input-text\" name=\"everest_forms[form_fields][xjFD0zPYfo-10]\" value=\"S\u00ed\" required ><label class=\"everest-forms-field-label-inline\" for=\"evf-604-field_xjFD0zPYfo-10_1\">S\u00ed<\/label><\/li><li class=\"choice-2 depth-1\"><input type=\"radio\" id=\"evf-604-field_xjFD0zPYfo-10_2\" class=\"input-text\" name=\"everest_forms[form_fields][xjFD0zPYfo-10]\" value=\"No\" required ><label class=\"everest-forms-field-label-inline\" for=\"evf-604-field_xjFD0zPYfo-10_2\">No<\/label><\/li><\/ul><\/div><div id=\"evf-604-field_T3d2jnNdzv-12-container\" class=\"evf-field evf-field-radio form-row validate-required\" data-required-field-message=\"Este campo es obligatorio.\" data-field-id=\"T3d2jnNdzv-12\"><label class=\"evf-field-label\" for=\"evf-604-field_T3d2jnNdzv-12\"><span class=\"evf-label\">\u00bfTiene garaje?<\/span> <abbr class=\"required\" title=\"Obligatorio\">*<\/abbr><\/label><ul id=\"evf-604-field_T3d2jnNdzv-12\" class=\" evf-field-required\"><li class=\"choice-1 depth-1\"><input type=\"radio\" id=\"evf-604-field_T3d2jnNdzv-12_1\" class=\"input-text\" name=\"everest_forms[form_fields][T3d2jnNdzv-12]\" value=\"S\u00ed\" required ><label class=\"everest-forms-field-label-inline\" for=\"evf-604-field_T3d2jnNdzv-12_1\">S\u00ed<\/label><\/li><li class=\"choice-2 depth-1\"><input type=\"radio\" id=\"evf-604-field_T3d2jnNdzv-12_2\" class=\"input-text\" name=\"everest_forms[form_fields][T3d2jnNdzv-12]\" value=\"No\" required ><label class=\"everest-forms-field-label-inline\" for=\"evf-604-field_T3d2jnNdzv-12_2\">No<\/label><\/li><\/ul><\/div><div id=\"evf-604-field_eZ3pFjyKyh-13-container\" class=\"evf-field evf-field-radio form-row validate-required\" data-required-field-message=\"Este campo es obligatorio.\" data-field-id=\"eZ3pFjyKyh-13\"><label class=\"evf-field-label\" for=\"evf-604-field_eZ3pFjyKyh-13\"><span class=\"evf-label\">\u00bfTiene trastero? <\/span> <abbr class=\"required\" title=\"Obligatorio\">*<\/abbr><\/label><ul id=\"evf-604-field_eZ3pFjyKyh-13\" class=\" evf-field-required\"><li class=\"choice-1 depth-1\"><input type=\"radio\" id=\"evf-604-field_eZ3pFjyKyh-13_1\" class=\"input-text\" name=\"everest_forms[form_fields][eZ3pFjyKyh-13]\" value=\"S\u00ed\" required ><label class=\"everest-forms-field-label-inline\" for=\"evf-604-field_eZ3pFjyKyh-13_1\">S\u00ed<\/label><\/li><li class=\"choice-2 depth-1\"><input type=\"radio\" id=\"evf-604-field_eZ3pFjyKyh-13_2\" class=\"input-text\" name=\"everest_forms[form_fields][eZ3pFjyKyh-13]\" value=\"No\" required ><label class=\"everest-forms-field-label-inline\" for=\"evf-604-field_eZ3pFjyKyh-13_2\">No<\/label><\/li><\/ul><\/div><\/div><\/div><div class=\"evf-frontend-row\" data-row=\"row_3\"><div class=\"evf-frontend-grid evf-grid-1\" data-grid=\"grid_1\"><div id=\"evf-604-field_6hRHC3lzht-9-container\" class=\"evf-field evf-field-textarea form-row\" data-field-id=\"6hRHC3lzht-9\"><label class=\"evf-field-label\" for=\"evf-604-field_6hRHC3lzht-9\"><span class=\"evf-label\">\u00bfN\u00famero aproximado de vecinos?<\/span> <\/label><textarea id=\"evf-604-field_6hRHC3lzht-9\" class=\"input-text\" name=\"everest_forms[form_fields][6hRHC3lzht-9]\" ><\/textarea><\/div><div id=\"evf-604-field_CpFdRYhTQ4-4-container\" class=\"evf-field evf-field-email form-row validate-required validate-email\" data-required-field-message=\"Por favor, usa una direcci\u00f3n de correo electr\u00f3nico v\u00e1lida.\" data-field-id=\"CpFdRYhTQ4-4\"><label class=\"evf-field-label\" for=\"evf-604-field_CpFdRYhTQ4-4\"><span class=\"evf-label\">Email<\/span> <abbr class=\"required\" title=\"Obligatorio\">*<\/abbr><\/label><input type=\"email\" id=\"evf-604-field_CpFdRYhTQ4-4\" class=\"input-text\" name=\"everest_forms[form_fields][CpFdRYhTQ4-4]\" required><\/div><div id=\"evf-604-field_LLOFB40C9f-19-container\" class=\"evf-field evf-field-checkbox form-row validate-required\" data-required-field-message=\"Este campo es obligatorio.\" data-field-id=\"LLOFB40C9f-19\"><label class=\"evf-field-label\" for=\"evf-604-field_LLOFB40C9f-19\"><span class=\"evf-label\">Consentimiento de Recogida de Datos<\/span> <abbr class=\"required\" title=\"Obligatorio\">*<\/abbr><\/label><ul id=\"evf-604-field_LLOFB40C9f-19\" class=\" evf-field-required\"><li class=\"choice-1 depth-1\"><input type=\"checkbox\" id=\"evf-604-field_LLOFB40C9f-19_1\" class=\"input-text\" name=\"everest_forms[form_fields][LLOFB40C9f-19][]\" value=\"Acepto los t\u00e9rminos y condiciones de uso http:\/\/www.optifincas.es\/aviso- legal\/ y la pol\u00edtica de privacidad http:\/\/www.optifincas.es\/politica- de-privacidad\/    \" required ><label class=\"everest-forms-field-label-inline\" for=\"evf-604-field_LLOFB40C9f-19_1\">Acepto los t\u00e9rminos y condiciones de uso http:\/\/www.optifincas.es\/aviso- legal\/ y la pol\u00edtica de privacidad http:\/\/www.optifincas.es\/politica- de-privacidad\/    <\/label><\/li><li class=\"choice-2 depth-1\"><input type=\"checkbox\" id=\"evf-604-field_LLOFB40C9f-19_2\" class=\"input-text\" name=\"everest_forms[form_fields][LLOFB40C9f-19][]\" value=\"Autorizo el tratamiento de mis datos para la elaboraci\u00f3n de perfiles \" required ><label class=\"everest-forms-field-label-inline\" for=\"evf-604-field_LLOFB40C9f-19_2\">Autorizo el tratamiento de mis datos para la elaboraci\u00f3n de perfiles <\/label><\/li><li class=\"choice-3 depth-1\"><input type=\"checkbox\" id=\"evf-604-field_LLOFB40C9f-19_3\" class=\"input-text\" name=\"everest_forms[form_fields][LLOFB40C9f-19][]\" value=\"Deseo recibir comunicaciones comerciales y ofertas promocionales \" required ><label class=\"everest-forms-field-label-inline\" for=\"evf-604-field_LLOFB40C9f-19_3\">Deseo recibir comunicaciones comerciales y ofertas promocionales <\/label><\/li><\/ul><\/div><div id=\"evf-604-field_IoL9TCFj1m-15-container\" class=\"evf-field evf-field-radio form-row validate-required\" data-required-field-message=\"Este campo es obligatorio.\" data-field-id=\"IoL9TCFj1m-15\"><label class=\"evf-field-label\" for=\"evf-604-field_IoL9TCFj1m-15\"><span class=\"evf-label\"><span><span>Informaci\u00f3n b\u00e1sica sobre Protecci\u00f3n de Datos. <\/span><\/span><span><span>Responsable: <\/span><\/span><span><span>Opticredit Isle\u00f1a S.L. <\/span><\/span><span><span> Finalidades<\/span><\/span><span><span>, Fines comerciales y elaboraci\u00f3n de perfiles. <\/span><\/span><span><span>Legitimaci\u00f3n <\/span><\/span><span><span>y Consentimiento. <\/span><\/span><span><span>Destinatarios. <\/span><\/span><span><span> No se ceder\u00e1n datos a terceros salvo obligaci\u00f3n legal. <\/span><\/span> <span><span>Derechos: <\/span> <\/span><span><span> Acceder, rectificar y suprimir los datos, as\u00ed como otros derechos, tal y como se explica en la informaci\u00f3n adicional. <\/span><\/span><span><span> Pol\u00edtica de privacidad: <\/span><\/span><span>Puede consultar nuestra pol\u00edtica de privacidad aqu\u00ed: \u00a0<a href=\"http:\/\/www.optifincas.es\/politica- de- privacidad\/\">http:\/\/www.optifincas.es\/politica- de- privacidad\/<\/a>\u00a0<\/span> <\/span> <abbr class=\"required\" title=\"Obligatorio\">*<\/abbr><\/label><ul id=\"evf-604-field_IoL9TCFj1m-15\" class=\" evf-field-required\"><li class=\"choice-1 depth-1\"><input type=\"radio\" id=\"evf-604-field_IoL9TCFj1m-15_1\" class=\"input-text\" name=\"everest_forms[form_fields][IoL9TCFj1m-15]\" value=\"S\u00ed\" required ><label class=\"everest-forms-field-label-inline\" for=\"evf-604-field_IoL9TCFj1m-15_1\">S\u00ed<\/label><\/li><li class=\"choice-3 depth-1\"><input type=\"radio\" id=\"evf-604-field_IoL9TCFj1m-15_3\" class=\"input-text\" name=\"everest_forms[form_fields][IoL9TCFj1m-15]\" value=\"No\" required ><label class=\"everest-forms-field-label-inline\" for=\"evf-604-field_IoL9TCFj1m-15_3\">No<\/label><\/li><\/ul><\/div><\/div><\/div><\/div><div class=\"evf-honeypot-container evf-field-hp\"><label for=\"evf-604-field-hp\" class=\"evf-field-label\">Comment<\/label><input type=\"text\" name=\"everest_forms[hp]\" id=\"evf-604-field-hp\" class=\"input-text\"><\/div><div class=\"evf-submit-container \" ><input type=\"hidden\" name=\"everest_forms[id]\" value=\"604\"><input type=\"hidden\" name=\"everest_forms[author]\" value=\"1\"><button type='submit' name='everest_forms[submit]' class='everest-forms-submit-button button evf-submit ' id='evf-submit-604' value='evf-submit' data-process-text=\"Procesando\" conditional_rules='\"\"' conditional_id='evf-submit-604' >Enviar<\/button><\/div><\/form><\/div><!-- .evf-container --><\/div>\n","protected":false},"excerpt":{"rendered":"","protected":false},"author":1,"featured_media":0,"parent":0,"menu_order":0,"comment_status":"closed","ping_status":"closed","template":"","meta":{"_coblocks_attr":"","_coblocks_dimensions":"","_coblocks_responsive_height":"","_coblocks_accordion_ie_support":"","footnotes":""},"class_list":["post-624","page","type-page","status-publish","hentry"],"_links":{"self":[{"href":"http:\/\/www.optifincas.es\/index.php?rest_route=\/wp\/v2\/pages\/624","targetHints":{"allow":["GET"]}}],"collection":[{"href":"http:\/\/www.optifincas.es\/index.php?rest_route=\/wp\/v2\/pages"}],"about":[{"href":"http:\/\/www.optifincas.es\/index.php?rest_route=\/wp\/v2\/types\/page"}],"author":[{"embeddable":true,"href":"http:\/\/www.optifincas.es\/index.php?rest_route=\/wp\/v2\/users\/1"}],"replies":[{"embeddable":true,"href":"http:\/\/www.optifincas.es\/index.php?rest_route=%2Fwp%2Fv2%2Fcomments&post=624"}],"version-history":[{"count":1,"href":"http:\/\/www.optifincas.es\/index.php?rest_route=\/wp\/v2\/pages\/624\/revisions"}],"predecessor-version":[{"id":625,"href":"http:\/\/www.optifincas.es\/index.php?rest_route=\/wp\/v2\/pages\/624\/revisions\/625"}],"wp:attachment":[{"href":"http:\/\/www.optifincas.es\/index.php?rest_route=%2Fwp%2Fv2%2Fmedia&parent=624"}],"curies":[{"name":"wp","href":"https:\/\/api.w.org\/{rel}","templated":true}]}}