{"id":644,"date":"2021-07-10T18:52:36","date_gmt":"2021-07-10T18:52:36","guid":{"rendered":"http:\/\/www.optifincas.es\/?page_id=644"},"modified":"2022-08-30T19:12:17","modified_gmt":"2022-08-30T19:12:17","slug":"nuestros-servicios","status":"publish","type":"page","link":"http:\/\/www.optifincas.es\/?page_id=644","title":{"rendered":"Nuestros Servicios"},"content":{"rendered":"\n<figure class=\"wp-block-gallery has-nested-images columns-default is-cropped wp-block-gallery-1 is-layout-flex wp-block-gallery-is-layout-flex\">\n<figure class=\"wp-block-image size-large\"><img loading=\"lazy\" decoding=\"async\" width=\"1024\" height=\"379\" data-id=\"653\" src=\"http:\/\/www.optifincas.es\/wp-content\/uploads\/2021\/07\/detalles-y-notas-posible-portada-1-1024x379.jpg\" alt=\"\" class=\"wp-image-653\" srcset=\"http:\/\/www.optifincas.es\/wp-content\/uploads\/2021\/07\/detalles-y-notas-posible-portada-1-1024x379.jpg 1024w, http:\/\/www.optifincas.es\/wp-content\/uploads\/2021\/07\/detalles-y-notas-posible-portada-1-300x111.jpg 300w, http:\/\/www.optifincas.es\/wp-content\/uploads\/2021\/07\/detalles-y-notas-posible-portada-1-768x284.jpg 768w, http:\/\/www.optifincas.es\/wp-content\/uploads\/2021\/07\/detalles-y-notas-posible-portada-1-1536x568.jpg 1536w, http:\/\/www.optifincas.es\/wp-content\/uploads\/2021\/07\/detalles-y-notas-posible-portada-1-2048x757.jpg 2048w\" sizes=\"auto, (max-width: 1024px) 100vw, 1024px\" \/><\/figure>\n<\/figure>\n\n\n\n<p>A continuaci\u00f3n te ofrecemos una lista de todos los servicios que ofrece Optifincas: <\/p>\n\n\n\n<p><\/p>\n\n\n\n<ul class=\"wp-block-list\"><li>Contamos con Atenci\u00f3n&nbsp; 24 horas a trav\u00e9s del tel\u00e9fono de urgencia.<\/li><\/ul>\n\n\n\n<ul class=\"wp-block-list\"><li>Administraci\u00f3n  de las comunidades y llevanza de su contabilidad.<\/li><\/ul>\n\n\n\n<ul class=\"wp-block-list\"><li>Llevamos tambi\u00e9n la tramitaci\u00f3n y soluci\u00f3n integral de incidencias, siniestros y aver\u00edas.<\/li><\/ul>\n\n\n\n<ul class=\"wp-block-list\"><li>Contamos con uso de app m\u00f3vil para mayor comodidad de los vecinos que as\u00ed lo deseen.<\/li><\/ul>\n\n\n\n<ul class=\"wp-block-list\"><li>Adem\u00e1s nos encargamos del asesoramiento y constituci\u00f3n de nuevas comunidades.<\/li><\/ul>\n\n\n\n<ul class=\"wp-block-list\"><li>Y, tambi\u00e9n nos ocupamos del tratamiento, control y reclamaci\u00f3n de morosidad.<\/li><\/ul>\n\n\n\n<ul class=\"wp-block-list\"><li>Entre nuestros servicios tambi\u00e9n est\u00e1 el asesoramiento y servicio jur\u00eddico integrado dentro de la propia empresa, sin necesidad de contratar a fuentes externas. <\/li><\/ul>\n\n\n\n<ul class=\"wp-block-list\"><li>Y, nos dedicamos a la atenci\u00f3n personalizada en la finca.<\/li><\/ul>\n","protected":false},"excerpt":{"rendered":"<p>A continuaci\u00f3n te ofrecemos una lista de todos los servicios que ofrece Optifincas: Contamos con Atenci\u00f3n&nbsp; 24 horas a trav\u00e9s del tel\u00e9fono de urgencia. Administraci\u00f3n de las comunidades y llevanza de su contabilidad. Llevamos tambi\u00e9n la tramitaci\u00f3n y soluci\u00f3n integral<\/p>\n","protected":false},"author":1,"featured_media":0,"parent":0,"menu_order":0,"comment_status":"closed","ping_status":"closed","template":"","meta":{"_coblocks_attr":"","_coblocks_dimensions":"","_coblocks_responsive_height":"","_coblocks_accordion_ie_support":"","footnotes":""},"class_list":["post-644","page","type-page","status-publish","hentry"],"_links":{"self":[{"href":"http:\/\/www.optifincas.es\/index.php?rest_route=\/wp\/v2\/pages\/644","targetHints":{"allow":["GET"]}}],"collection":[{"href":"http:\/\/www.optifincas.es\/index.php?rest_route=\/wp\/v2\/pages"}],"about":[{"href":"http:\/\/www.optifincas.es\/index.php?rest_route=\/wp\/v2\/types\/page"}],"author":[{"embeddable":true,"href":"http:\/\/www.optifincas.es\/index.php?rest_route=\/wp\/v2\/users\/1"}],"replies":[{"embeddable":true,"href":"http:\/\/www.optifincas.es\/index.php?rest_route=%2Fwp%2Fv2%2Fcomments&post=644"}],"version-history":[{"count":8,"href":"http:\/\/www.optifincas.es\/index.php?rest_route=\/wp\/v2\/pages\/644\/revisions"}],"predecessor-version":[{"id":860,"href":"http:\/\/www.optifincas.es\/index.php?rest_route=\/wp\/v2\/pages\/644\/revisions\/860"}],"wp:attachment":[{"href":"http:\/\/www.optifincas.es\/index.php?rest_route=%2Fwp%2Fv2%2Fmedia&parent=644"}],"curies":[{"name":"wp","href":"https:\/\/api.w.org\/{rel}","templated":true}]}}