{"id":782,"date":"2021-07-29T20:02:55","date_gmt":"2021-07-29T20:02:55","guid":{"rendered":"http:\/\/www.optifincas.es\/?page_id=782"},"modified":"2022-06-30T21:41:09","modified_gmt":"2022-06-30T21:41:09","slug":"la-reapertura-de-piscinas-podria-costar-un-50-mas-de-gastos","status":"publish","type":"page","link":"http:\/\/www.optifincas.es\/?page_id=782","title":{"rendered":"La reapertura de piscinas podr\u00eda costar un 50% m\u00e1s de gastos"},"content":{"rendered":"\n<figure class=\"wp-block-image size-large\"><img loading=\"lazy\" decoding=\"async\" width=\"1024\" height=\"379\" src=\"http:\/\/www.optifincas.es\/wp-content\/uploads\/2021\/07\/fondo-piscina-1024x379.jpg\" alt=\"\" class=\"wp-image-783\" srcset=\"http:\/\/www.optifincas.es\/wp-content\/uploads\/2021\/07\/fondo-piscina-1024x379.jpg 1024w, http:\/\/www.optifincas.es\/wp-content\/uploads\/2021\/07\/fondo-piscina-300x111.jpg 300w, http:\/\/www.optifincas.es\/wp-content\/uploads\/2021\/07\/fondo-piscina-768x284.jpg 768w, http:\/\/www.optifincas.es\/wp-content\/uploads\/2021\/07\/fondo-piscina-1536x568.jpg 1536w, http:\/\/www.optifincas.es\/wp-content\/uploads\/2021\/07\/fondo-piscina-2048x757.jpg 2048w\" sizes=\"auto, (max-width: 1024px) 100vw, 1024px\" \/><\/figure>\n\n\n\n<p>O al menos esas son las estimaciones, ya que para las comunidades de propietarios y ante el panorama actual marcado por la pandemia, para las comunidades de vecinos reabrir sus piscinas supone entre otras medidas un incremento de la limpieza, la desinfecci\u00f3n de espacios, establecer un aforo limitado y un control de acceso y una determinada distancia de seguridad.<\/p>\n\n\n\n<p>Por todo ello, y, ante la llegada del buen tiempo, el Ministerio de Sanidad public\u00f3 en mayo una serie de recomendaciones para la apertura de este tipo de equipamientos, y que con el fin del estado de alarma, han sido las distintas comunidades aut\u00f3nomas las encargadas de establecer los protocolos de actuaci\u00f3n concretos de cada uno de estos espacios, unos protocolos que se mantendr\u00e1n hasta que acabe la pandemia. <\/p>\n\n\n\n<p><\/p>\n","protected":false},"excerpt":{"rendered":"<p>O al menos esas son las estimaciones, ya que para las comunidades de propietarios y ante el panorama actual marcado por la pandemia, para las comunidades de vecinos reabrir sus piscinas supone entre otras medidas un incremento de la limpieza,<\/p>\n","protected":false},"author":1,"featured_media":785,"parent":0,"menu_order":0,"comment_status":"closed","ping_status":"closed","template":"","meta":{"_coblocks_attr":"","_coblocks_dimensions":"","_coblocks_responsive_height":"","_coblocks_accordion_ie_support":"","footnotes":""},"class_list":["post-782","page","type-page","status-publish","has-post-thumbnail","hentry"],"_links":{"self":[{"href":"http:\/\/www.optifincas.es\/index.php?rest_route=\/wp\/v2\/pages\/782","targetHints":{"allow":["GET"]}}],"collection":[{"href":"http:\/\/www.optifincas.es\/index.php?rest_route=\/wp\/v2\/pages"}],"about":[{"href":"http:\/\/www.optifincas.es\/index.php?rest_route=\/wp\/v2\/types\/page"}],"author":[{"embeddable":true,"href":"http:\/\/www.optifincas.es\/index.php?rest_route=\/wp\/v2\/users\/1"}],"replies":[{"embeddable":true,"href":"http:\/\/www.optifincas.es\/index.php?rest_route=%2Fwp%2Fv2%2Fcomments&post=782"}],"version-history":[{"count":1,"href":"http:\/\/www.optifincas.es\/index.php?rest_route=\/wp\/v2\/pages\/782\/revisions"}],"predecessor-version":[{"id":786,"href":"http:\/\/www.optifincas.es\/index.php?rest_route=\/wp\/v2\/pages\/782\/revisions\/786"}],"wp:featuredmedia":[{"embeddable":true,"href":"http:\/\/www.optifincas.es\/index.php?rest_route=\/wp\/v2\/media\/785"}],"wp:attachment":[{"href":"http:\/\/www.optifincas.es\/index.php?rest_route=%2Fwp%2Fv2%2Fmedia&parent=782"}],"curies":[{"name":"wp","href":"https:\/\/api.w.org\/{rel}","templated":true}]}}